{"id":2,"date":"2023-03-01T08:40:11","date_gmt":"2023-03-01T08:40:11","guid":{"rendered":"https:\/\/spzoz.konstantynow.pl\/?page_id=2"},"modified":"2024-09-10T08:31:11","modified_gmt":"2024-09-10T08:31:11","slug":"sample-page","status":"publish","type":"page","link":"https:\/\/spzoz.konstantynow.pl\/?page_id=2","title":{"rendered":"Informacje og\u00f3lne"},"content":{"rendered":"\n<div class=\"wp-block-group\"><div class=\"wp-block-group__inner-container is-layout-constrained wp-block-group-is-layout-constrained\">\n<div class=\"wp-block-group is-vertical is-layout-flex wp-container-core-group-is-layout-8cf370e7 wp-block-group-is-layout-flex\">\n<hr class=\"wp-block-separator has-alpha-channel-opacity is-style-wide\"\/>\n<\/div>\n<\/div><\/div>\n\n\n\n<hr class=\"wp-block-separator has-alpha-channel-opacity\"\/>\n\n\n\n<p><strong>Polityka oraz procedury ochrony dzieci przed krzywdzeniem<\/strong><\/p>\n\n\n\n<p>Naczeln\u0105 zasad\u0105 wszystkich dzia\u0142a\u0144 podejmowanych przez pracownik\u00f3w plac\u00f3wki jest dzia\u0142anie dla dobra dziecka i w jego najlepszym interesie. Pracownik plac\u00f3wki traktuje dziecko z szacunkiem oraz uwzgl\u0119dnia jego potrzeby. Niedopuszczalne jest stosowanie przez pracownika wobec dziecka przemocy w jakiejkolwiek formie. Pracownik plac\u00f3wki, realizuj\u0105c te cele, dzia\u0142a w ramach obowi\u0105zuj\u0105cego prawa, przepis\u00f3w wewn\u0119trznych oraz swoich kompetencji.<br><br>Pe\u0142na tre\u015b\u0107 polityki wraz z za\u0142\u0105cznikami:<\/p>\n\n\n\n<p><a href=\"https:\/\/spzoz.konstantynow.pl\/wp-content\/uploads\/2024\/08\/polityka-ochrony-dzieci.pdf\" data-type=\"link\" data-id=\"https:\/\/spzoz.konstantynow.pl\/wp-content\/uploads\/2024\/08\/polityka-ochrony-dzieci.pdf\">Polityka oraz procedury<\/a> <\/p>\n\n\n\n<p><a href=\"https:\/\/spzoz.konstantynow.pl\/wp-content\/uploads\/2024\/08\/Polityka-ochrony-dzieci-zalaczniki.pdf\" data-type=\"link\" data-id=\"https:\/\/spzoz.konstantynow.pl\/wp-content\/uploads\/2024\/08\/Polityka-ochrony-dzieci-zalaczniki.pdf\"><\/a><a href=\"https:\/\/spzoz.konstantynow.pl\/wp-content\/uploads\/2024\/08\/Polityka-ochrony-dzieci-zalaczniki.pdf\" data-type=\"link\" data-id=\"https:\/\/spzoz.konstantynow.pl\/wp-content\/uploads\/2024\/08\/Polityka-ochrony-dzieci-zalaczniki.pdf\">Za\u0142\u0105czniki<\/a><\/p>\n\n\n\n<hr class=\"wp-block-separator has-alpha-channel-opacity\"\/>\n\n\n\n<p><strong>OPIEKA KOORDYNOWANA W POZ<\/strong><\/p>\n\n\n\n<p>Od 1 stycznia &nbsp;2023 roku lekarze w naszej przychodni realizuj\u0105 \u015bwiadczenia zdrowotne w nowym modelu zwanym opiek\u0105&nbsp;koordynowan\u0105.<\/p>\n\n\n\n<p>W ramach opieki koordynowanej lekarz podstawowej opieki zdrowotnej wsp\u00f3\u0142pracuje z lekarzami specjalistami, piel\u0119gniark\u0105&nbsp;POZ&nbsp;i dietetykiem w profilaktyce, diagnozowaniu, leczeniu i edukacji pacjent\u00f3w w zakresie:<\/p>\n\n\n\n<ul class=\"wp-block-list\">\n<li>kardiologii<\/li>\n\n\n\n<li>diabetologii.<\/li>\n<\/ul>\n\n\n\n<p>Lekarz w uzgodnieniu z pacjentem ustala roczny Indywidualny Plan Opieki Medycznej.<\/p>\n\n\n\n<p>W ramach tego planu zleca badania i konsultacje.<\/p>\n\n\n\n<p>Nad sprawn\u0105 realizacj\u0105 &nbsp;r\u00f3\u017cnorodnych \u015bwiadcze\u0144 zdrowotnych czuwa&nbsp;koordynator, kt\u00f3ry:<\/p>\n\n\n\n<ul class=\"wp-block-list\">\n<li>ustala terminy bada\u0144, wizyt i konsultacji zleconych przez lekarza\u00a0POZ\u00a0oraz porad edukacyjnych i\u00a0dietetycznych<\/li>\n\n\n\n<li>przekazuje informacji o kolejnych etapach terapii<\/li>\n\n\n\n<li>dba o przep\u0142yw informacji pomi\u0119dzy wszystkimi realizatorami \u015bwiadcze\u0144 zdrowotnych.<\/li>\n<\/ul>\n\n\n\n<p>W zakresie &nbsp;leczenia kardiologicznego pacjentowi przys\u0142uguje:<\/p>\n\n\n\n<ul class=\"wp-block-list\">\n<li>Konsultacja kardiologiczna<\/li>\n\n\n\n<li>Konsultacja dietetyczna<\/li>\n\n\n\n<li>Porady edukacyjne<\/li>\n\n\n\n<li>Echo serca przezklatkowe<\/li>\n\n\n\n<li>USG doppler naczy\u0144 ko\u0144czyn dolnych<\/li>\n\n\n\n<li>USG \u00a0doppler naczy\u0144 szyi<\/li>\n\n\n\n<li>Badanie wysi\u0142kowe serca na bie\u017cni ruchomej<\/li>\n\n\n\n<li>Holter ci\u015bnieniowy<\/li>\n\n\n\n<li>Holter EKG<\/li>\n\n\n\n<li>Poszerzony zakres bada\u0144 laboratoryjnych.<\/li>\n<\/ul>\n\n\n\n<p><strong>W zakresie leczenia diabetologicznego u pacjent\u00f3w mo\u017cemy wykona\u0107:<\/strong><\/p>\n\n\n\n<ul class=\"wp-block-list\">\n<li>Konsultacja diabetologiczna<\/li>\n\n\n\n<li>Konsultacja dietetyczna<\/li>\n\n\n\n<li>Porady edukacyjne;<\/li>\n\n\n\n<li>USG doppler naczy\u0144 ko\u0144czyn dolnych\u00a0<\/li>\n\n\n\n<li>USG doppler naczy\u0144 szyi<\/li>\n\n\n\n<li>Poszerzony zakres bada\u0144 laboratoryjnych.<\/li>\n<\/ul>\n\n\n\n<p>Wszystkie konsultacje i badania z wyj\u0105tkiem echa serca i elektrokardiologicznej &nbsp;pr\u00f3by wysi\u0142kowej s\u0105 realizowane na miejscu w naszej przychodni.<\/p>\n\n\n\n<p>Koordynator<\/p>\n\n\n\n<p>Agnieszka Matyjaszczyk tel .534&nbsp;447 703<\/p>\n\n\n\n<hr class=\"wp-block-separator has-alpha-channel-opacity\"\/>\n\n\n\n<p><\/p>\n","protected":false},"excerpt":{"rendered":"<p>Polityka oraz procedury ochrony dzieci przed krzywdzeniem Naczeln\u0105 zasad\u0105 wszystkich dzia\u0142a\u0144 podejmowanych przez pracownik\u00f3w plac\u00f3wki jest dzia\u0142anie dla dobra dziecka i w jego najlepszym interesie. Pracownik plac\u00f3wki traktuje dziecko z szacunkiem oraz uwzgl\u0119dnia jego potrzeby. Niedopuszczalne jest stosowanie przez pracownika wobec dziecka przemocy w jakiejkolwiek formie. Pracownik plac\u00f3wki, realizuj\u0105c te cele, dzia\u0142a w ramach obowi\u0105zuj\u0105cego&hellip; <br \/> <a class=\"read-more\" href=\"https:\/\/spzoz.konstantynow.pl\/?page_id=2\">Dowiedz si\u0119 wi\u0119cej<\/a><\/p>\n","protected":false},"author":1,"featured_media":0,"parent":0,"menu_order":0,"comment_status":"closed","ping_status":"closed","template":"","meta":{"footnotes":""},"class_list":["post-2","page","type-page","status-publish","hentry"],"_links":{"self":[{"href":"https:\/\/spzoz.konstantynow.pl\/index.php?rest_route=\/wp\/v2\/pages\/2","targetHints":{"allow":["GET"]}}],"collection":[{"href":"https:\/\/spzoz.konstantynow.pl\/index.php?rest_route=\/wp\/v2\/pages"}],"about":[{"href":"https:\/\/spzoz.konstantynow.pl\/index.php?rest_route=\/wp\/v2\/types\/page"}],"author":[{"embeddable":true,"href":"https:\/\/spzoz.konstantynow.pl\/index.php?rest_route=\/wp\/v2\/users\/1"}],"replies":[{"embeddable":true,"href":"https:\/\/spzoz.konstantynow.pl\/index.php?rest_route=%2Fwp%2Fv2%2Fcomments&post=2"}],"version-history":[{"count":6,"href":"https:\/\/spzoz.konstantynow.pl\/index.php?rest_route=\/wp\/v2\/pages\/2\/revisions"}],"predecessor-version":[{"id":271,"href":"https:\/\/spzoz.konstantynow.pl\/index.php?rest_route=\/wp\/v2\/pages\/2\/revisions\/271"}],"wp:attachment":[{"href":"https:\/\/spzoz.konstantynow.pl\/index.php?rest_route=%2Fwp%2Fv2%2Fmedia&parent=2"}],"curies":[{"name":"wp","href":"https:\/\/api.w.org\/{rel}","templated":true}]}}