{"id":16,"date":"2023-03-01T20:31:59","date_gmt":"2023-03-01T20:31:59","guid":{"rendered":"https:\/\/spzoz.konstantynow.pl\/?page_id=16"},"modified":"2023-03-01T21:40:07","modified_gmt":"2023-03-01T21:40:07","slug":"przychodnia","status":"publish","type":"page","link":"https:\/\/spzoz.konstantynow.pl\/?page_id=16","title":{"rendered":"Przychodnia"},"content":{"rendered":"\n<p><\/p>\n\n\n\n<div class=\"wp-block-group\"><div class=\"wp-block-group__inner-container is-layout-flow wp-block-group-is-layout-flow\">\n<p class=\"has-text-align-center has-very-dark-gray-color has-text-color has-medium-font-size\">Aby korzysta\u0107 z us\u0142ug podstawowej opieki zdrowotnej w ramach ubezpieczenia wystarczy z\u0142o\u017cy\u0107 deklaracj\u0119 wyboru. Do poradni specjalistycznych wymagane jest skierowanie od lekarza ubezpieczenia zdrowotnego, z wyj\u0105tkiem poradni ginekologiczno-po\u0142o\u017cniczej i stomatologicznej. <br>Ze wzgl\u0119du na zagro\u017cenie epidemiczne, rejestracji nale\u017cy dokona\u0107 telefonicznie.<\/p>\n\n\n\n<p class=\"has-text-align-center has-very-dark-gray-color has-text-color has-medium-font-size\"><mark style=\"background-color:rgba(0, 0, 0, 0)\" class=\"has-inline-color has-very-dark-gray-color\"><u>Rejestracja pacjent\u00f3w  <\/u><\/mark><br><mark style=\"background-color:rgba(0, 0, 0, 0)\" class=\"has-inline-color has-very-dark-gray-color\"><u>tel. 42-211-10-66<br>7:00 &#8211; 18:00<br><\/u>(Budynek A)<\/mark><\/p>\n\n\n\n<p><\/p>\n\n\n\n<p class=\"has-text-align-center has-black-color has-text-color\" style=\"font-size:17px\">\u015awiadczenia mog\u0105 by\u0107 realizowane w formie teleporady. W celu um\u00f3wienia teleporady prosimy o kontakt z rejestracj\u0105 pod nr telefonu 42-211-10-66. W um\u00f3wionym terminie lekarz nawi\u0105\u017ce z Pa\u0144stwem kontakt telefoniczny. W przypadku trzykrotnej nieskutecznej pr\u00f3by nawi\u0105zania kontaktu, teleporada zostanie anulowana.<\/p>\n\n\n\n<p class=\"has-text-align-center has-black-color has-text-color\" style=\"font-size:17px\">Je\u017celi w trakcie teleporady lekarz uzna, \u017ce Pa\u0144stwa problem nie mo\u017ce by\u0107 rozwi\u0105zany bez bezpo\u015bredniego kontaktu, zostaniecie Pa\u0144stwo poproszeni o zg\u0142oszenie si\u0119 do przychodni osobi\u015bcie.<\/p>\n\n\n\n<p class=\"has-text-align-center has-black-color has-text-color\" style=\"font-size:17px\">W przypadku wystawienia e-recepty, e-skierowania, e-zlecenia, otrzymaj\u0105 Pa\u0144stwo czterocyfrowy kod, kt\u00f3ry umo\u017cliwi realizacj\u0119 danego dokumentu w odpowiednim do tego miejscu (apteka, przychodnia, etc.). Dost\u0119p do powy\u017cszych informacji mog\u0105 r\u00f3wnie\u017c Pa\u0144stwo pozyska\u0107 korzystaj\u0105c z Internetowego Konta Pacjenta.<\/p>\n\n\n\n<p class=\"has-text-align-center has-vivid-cyan-blue-color has-text-color\" style=\"font-size:17px\"><a rel=\"noreferrer noopener\" href=\"http:\/\/www.pacjent.gov.pl\/internetowe-konto-pacjenta\" target=\"_blank\">www.pacjent.gov.pl\/internetowe-konto-pacjenta<\/a><\/p>\n\n\n\n<p class=\"has-text-align-center has-very-dark-gray-color has-cyan-bluish-gray-background-color has-text-color has-background has-medium-font-size\"><strong>Podstawowa Opieka Zdrowotna POZ<\/strong><\/p>\n\n\n\n<p class=\"has-text-align-center has-very-dark-gray-color has-text-color\">\u015awiadczenia udzielane s\u0105 w dni robocze od poniedzia\u0142ku do pi\u0105tku w godz. 8:00 &#8211; 18:00<\/p>\n\n\n\n<p class=\"has-text-align-center has-very-dark-gray-color has-text-color has-background\" style=\"background-color:#e6e6e6\"><strong>Lekarze podstawowej opieki zdrowotnej (POZ)<\/strong> <br>Budynek A (dla doros\u0142ych)<\/p>\n\n\n\n<p class=\"has-very-dark-gray-color has-text-color\">\u015awiadcze\u0144 udzielaj\u0105 lekarze:<br><strong><em>Jolanta Chlebowska<\/em><\/strong> &#8211; specjalista w zakresie medycyny rodzinnej<br><strong><em>Anna Kalinowska<\/em><\/strong> &#8211; lekarz medycyny<br><strong><em>Zofia Janiszewska-Bu\u0142ka<\/em><\/strong> &#8211; specjalista w zakresie chor\u00f3b wewn\u0119trznych<br><strong><em>Ryszard \u017bubicki<\/em><\/strong> &#8211; specjalista w zakresie medycyny rodzinnej<\/p>\n\n\n\n<p class=\"has-text-align-center has-very-dark-gray-color has-text-color has-background\" style=\"background-color:#e6e6e6\"><strong>Lekarze podstawowej opieki zdrowotnej (POZ)<\/strong> <br>Budynek C (dla dzieci)<\/p>\n\n\n\n<p class=\"has-very-dark-gray-color has-text-color\">\u015awiadcze\u0144 udzielaj\u0105 lekarze:<br><strong><em>Ma\u0142gorzata Chmielecka-Brzyszcz<\/em><\/strong> &#8211; specjalista w zakresie medycyny rodzinnej<br><strong><em>Agnieszka Tryba\u0142a<\/em><\/strong> &#8211; specjalista w dziedzinie pediatrii<\/p>\n\n\n\n<p class=\"has-text-align-center has-very-dark-gray-color has-text-color has-background\" style=\"background-color:#e6e6e6\"><strong>Piel\u0119gniarka podstawowej opieki zdrowotnej (POZ)<\/strong><br>Budynek A<\/p>\n\n\n\n<p class=\"has-very-dark-gray-color has-text-color\">\u015awiadczenia piel\u0119gniarki \u015brodowiskowo-rodzinnej w domu pacjenta udzielane s\u0105 w dni robocze od poniedzia\u0142ku do pi\u0105tku w godz. 8:00 &#8211; 11:00 oraz 16:00 &#8211; 18:00.<\/p>\n\n\n\n<p class=\"has-very-dark-gray-color has-text-color\">\u015awiadcze\u0144 udzielaj\u0105 piel\u0119gniarki \u015brodowiskowo-rodzinne:<br>mgr <strong><em>Jolanta Bartczak<\/em><\/strong><\/p>\n\n\n\n<p class=\"has-text-align-center has-very-dark-gray-color has-text-color has-background\" style=\"background-color:#e6e6e6\"><strong>Po\u0142o\u017cna podstawowej opieki zdrowotnej (POZ)<br>Gabinet po\u0142o\u017cnej \u015brodowiskowo-rodzinnej<\/strong><br>Budynek A<\/p>\n\n\n\n<p class=\"has-very-dark-gray-color has-text-color\">\u015awiadczenia po\u0142o\u017cnej poz udzielane s\u0105 w dni robocze od poniedzia\u0142ku do pi\u0105tku w godz. 8:00 &#8211; 18:00<\/p>\n\n\n\n<p class=\"has-very-dark-gray-color has-text-color\">\u015awiadcze\u0144 udzielaj\u0105 po\u0142o\u017cne \u015brodowiskowo-rodzinne:<br><strong><em>Aneta Borkowska<br>Izabela Krzewina<\/em><\/strong><\/p>\n\n\n\n<p class=\"has-text-align-center has-very-dark-gray-color has-text-color has-background\" style=\"background-color:#e6e6e6\"><strong>Gabinet zabiegowy<\/strong><br>Budynek A<\/p>\n\n\n\n<p class=\"has-very-dark-gray-color has-text-color\">\u015awiadczenia piel\u0119gniarki w gabinecie zabiegowym udzielane s\u0105 w dni robocze od poniedzia\u0142ku do pi\u0105tku w godz. 7:15 &#8211; 18:00<\/p>\n\n\n\n<p><\/p>\n\n\n\n<p class=\"has-text-align-center has-very-dark-gray-color has-text-color has-background\" style=\"background-color:#e6e6e6\"><strong>Punkt szczepie\u0144<\/strong><br>Budynek C<\/p>\n\n\n\n<p><\/p>\n\n\n\n<p class=\"has-very-dark-gray-color has-text-color\">Szczepienia dla dzieci i m\u0142odzie\u017cy do 18 roku \u017cycia wykonywane s\u0105 we:<br>Wtorek 11:00 &#8211; 17:30<br>\u015arod\u0119 11:00 &#8211; 15:30<br>Czwartek 11:00 &#8211; 16:00<\/p>\n\n\n\n<p class=\"has-very-dark-gray-color has-text-color\">\u015awiadcze\u0144 udzielaj\u0105 piel\u0119gniarki:<br><strong><em>Gra\u017cyna Kanarek<br>Magdalena Poszepczy\u0144ska<\/em><\/strong><\/p>\n\n\n\n<p class=\"has-text-align-center font-size:x-large has-black-color has-cyan-bluish-gray-background-color has-text-color has-background has-medium-font-size\"><strong>Ambulatoryjna Opieka Specjalistyczna<\/strong><\/p>\n\n\n\n<p class=\"has-very-dark-gray-color has-text-color\">W razie braku mo\u017cliwo\u015bci udzielenia \u015bwiadczenia w dniu zg\u0142oszenia pacjenci, z wyj\u0105tkiem stan\u00f3w nag\u0142ych, s\u0105 umieszczani na li\u015bcie oczekuj\u0105cych.<\/p>\n\n\n\n<p class=\"has-text-align-center has-black-color has-text-color has-background\" style=\"background-color:#e6e6e6\"><strong>Poradnia Chirurgiczna<\/strong><br>Budynek B<\/p>\n\n\n\n<p class=\"has-very-dark-gray-color has-text-color\">UWAGA Wymagane jest skierowanie od lekarza ubezpieczenia zdrowotnego.<\/p>\n\n\n\n<p class=\"has-very-dark-gray-color has-text-color\">\u015awiadcze\u0144 udziela lekarz:<br><strong><em>Arkadiusz Formejster<\/em><\/strong> &#8211; I stopie\u0144 specjalizacji w zakresie chirurgii og\u00f3lnej<\/p>\n\n\n\n<p class=\"has-very-dark-gray-color has-text-color\">Godzina wizyty uzgadniana jest w czasie rejestracji.<\/p>\n\n\n\n<p class=\"has-text-align-center has-black-color has-text-color has-background\" style=\"background-color:#e6e6e6\"><strong>Poradnia Ginekologiczno-Po\u0142o\u017cnicza<\/strong><br>Budynek A<\/p>\n\n\n\n<p class=\"has-very-dark-gray-color has-text-color\">\u015awiadcze\u0144 udziela lekarz:<br><strong><em>Wies\u0142aw Pilas<\/em><\/strong> &#8211; specjalista w zakresie po\u0142o\u017cnictwa i ginekologii<\/p>\n\n\n\n<p class=\"has-very-dark-gray-color has-text-color\">Godzina wizyty uzgadniana jest w czasie rejestracji.<\/p>\n<\/div><\/div>\n\n\n\n<p class=\"has-text-align-center has-black-color has-text-color has-background\" style=\"background-color:#e6e6e6\"><strong>Poradnia Neurologiczna<\/strong><br>Budynek B<\/p>\n\n\n\n<p><strong>UWAGA<\/strong> Wymagane jest skierowanie od lekarza ubezpieczenia zdrowotnego.<\/p>\n\n\n\n<p>\u015awiadcze\u0144 udziela lekarz:<br><strong><em>\u0141ukasz Leszczy\u0144ski<\/em> <\/strong>\u2013 specjalista w zakresie neurologii<\/p>\n\n\n\n<p>Godzina wizyty uzgadniana jest w czasie rejestracji.<\/p>\n\n\n\n<p class=\"has-text-align-center has-black-color has-text-color has-background\" style=\"background-color:#e6e6e6\"><strong>Poradnia Okulistyczna<\/strong><br>Budynek B<\/p>\n\n\n\n<p>\u015awiadcze\u0144 udziela lekarz:<br><em><strong>Joanna \u017by\u0142ka<\/strong> <\/em>\u2013 specjalista w zakresie okulistyki<\/p>\n\n\n\n<p>Godzina wizyty uzgadniana jest w czasie rejestracji.<\/p>\n\n\n\n<p class=\"has-text-align-center has-black-color has-text-color has-background\" style=\"background-color:#e6e6e6\"><strong>Poradnia Otolaryngologiczna<\/strong><br>Budynek B<\/p>\n\n\n\n<p><strong>UWAGA<\/strong> Wymagane jest skierowanie od lekarza ubezpieczenia zdrowotnego.<\/p>\n\n\n\n<p>\u015awiadcze\u0144 udziela lekarz:<br><strong><em>Halina Modrzewska<\/em><\/strong>&nbsp;\u2013 specjalista w zakresie otolaryngologii<\/p>\n\n\n\n<p>Godzina wizyty uzgadniana jest w czasie rejestracji.<\/p>\n\n\n\n<p class=\"has-text-align-center has-black-color has-text-color has-background\" style=\"background-color:#e6e6e6\"><strong>Poradnia Urologiczna<\/strong><br>Budynek A<\/p>\n\n\n\n<p><strong>\u015awiadczenia <u>niefinansowane<\/u> przez NFZ<\/strong><\/p>\n\n\n\n<p>\u015awiadcze\u0144 udziela lekarz:<br><em><strong>Zbigniew<\/strong> <strong>Trzepizur<\/strong><\/em>&nbsp;\u2013 specjalista w zakresie urologii<\/p>\n\n\n\n<p>Termin i godzina wizyty uzgadniana jest w czasie rejestracji.<\/p>\n\n\n\n<p class=\"has-text-align-center font-size:x-large has-black-color has-cyan-bluish-gray-background-color has-text-color has-background has-medium-font-size\"><strong>Rehabilitacja<\/strong><\/p>\n\n\n\n<p class=\"has-black-color has-text-color\"><strong>Fizjoterapia<\/strong><\/p>\n\n\n\n<p>Ambulatoryjne zabiegi fizjoterapeutyczne udzielane s\u0105 w godz. 8:00 \u2013 18:00<\/p>\n\n\n\n<p><strong>Domowe zabiegi fizjoterapeutyczne<\/strong> udzielane s\u0105 w terminie uzgodnionym z fizjoterapeut\u0105.<\/p>\n\n\n\n<p>Rejestracja pacjent\u00f3w odbywa si\u0119 w godzinach pracy pracowni na podstawie zg\u0142oszenia<strong>: <\/strong>osobistego; telefonicznego; za po\u015brednictwem osoby trzeciej.<\/p>\n\n\n\n<p>W razie braku mo\u017cliwo\u015bci udzielenia \u015bwiadczenia w dniu zg\u0142oszenia pacjenci, z wyj\u0105tkiem stan\u00f3w nag\u0142ych, s\u0105 umieszczani na li\u015bcie oczekuj\u0105cych .<\/p>\n\n\n\n<p><strong>UWAGA<\/strong> Wymagane jest skierowanie od lekarza ubezpieczenia zdrowotnego.<\/p>\n\n\n\n<p class=\"has-text-align-center has-black-color has-text-color has-background\" style=\"background-color:#e6e6e6\"><strong>Pracownia kinezyterapii<\/strong><br>Budynek A<strong>&nbsp;<\/strong><\/p>\n\n\n\n<p>\u015awiadcze\u0144 udzielaj\u0105:<br><em><strong>Beata<\/strong> <strong>Czy\u017co-Filip<\/strong><\/em><strong> <\/strong>\u2013 magister fizjoterapii<br><em><strong>Rados\u0142aw<\/strong> <strong>Fisiak<\/strong><\/em><strong> <\/strong>\u2013 technik fizjoterapii<br><em><strong>Robert<\/strong> <strong>Szybko<\/strong><\/em> \u2013 technik fizjoterapii<\/p>\n\n\n\n<p class=\"has-text-align-center has-black-color has-text-color has-background\" style=\"background-color:#e6e6e6\"><strong>Pracownia fizykoterapii<\/strong><br>Budynek B<\/p>\n\n\n\n<p>\u015awiadcze\u0144 udzielaj\u0105:<br><strong><em>Dagmara Teske<\/em><\/strong> \u2013 magister fizjoterapii<br><em><strong>El\u017cbieta<\/strong> <strong>Golis<\/strong><\/em> \u2013 technik fizjoterapii<\/p>\n\n\n\n<p class=\"has-text-align-center font-size:x-large has-black-color has-cyan-bluish-gray-background-color has-text-color has-background has-medium-font-size\"><strong><strong>Leczenie stomatologiczne<\/strong><\/strong><\/p>\n\n\n\n<p>W razie braku mo\u017cliwo\u015bci udzielenia \u015bwiadczenia w dniu zg\u0142oszenia pacjenci, z wyj\u0105tkiem stan\u00f3w nag\u0142ych, s\u0105 umieszczani na li\u015bcie oczekuj\u0105cych .<\/p>\n\n\n\n<p>Godzina przyj\u0119cia uzgadniana jest podczas rejestracji.<\/p>\n\n\n\n<p class=\"has-text-align-center has-black-color has-text-color has-background\" style=\"background-color:#e6e6e6\"><strong>\u015awiadczenia og\u00f3lnostomatologiczne z protetyk\u0105<\/strong><br>Budynek A<\/p>\n\n\n\n<p>\u015awiadcze\u0144 udziela lekarz dentysta:<br><strong><em>Mateusz \u0141awnicki <\/em><\/strong>\u2013 specjalista w dziedzinie stomatologii<\/p>\n\n\n\n<p><\/p>\n\n\n\n<p class=\"has-text-align-center has-black-color has-text-color has-background\" style=\"background-color:#e6e6e6\"><strong>\u015awiadczenia og\u00f3lnostomatologiczne dla dzieci i m\u0142odzie\u017cy<\/strong><\/p>\n\n\n\n<p>Miejsce udzielania \u015bwiadcze\u0144:<br>Szko\u0142a Podstawowa nr 5 &#8211; Konstantyn\u00f3w \u0141. ul. Sadowa 5\/7; tel. 42-211-11-97<br>\u015awiadcze\u0144 udziela lekarz dentysta:<br><strong><em>Bart\u0142omiej Radzik<\/em> <\/strong>\u2013 specjalista w dziedzinie stomatologii dzieci\u0119cej<\/p>\n\n\n\n<p class=\"has-text-align-center font-size:x-large has-black-color has-cyan-bluish-gray-background-color has-text-color has-background has-medium-font-size\"><strong><strong>Poradnia Medycyny Pracy<\/strong><\/strong><\/p>\n\n\n\n<p>\u015awiadcze\u0144 udziela lekarz:<br><strong><em>Ryszard \u017bubicki<\/em> <\/strong>\u2013 specjalista w zakresie medycyny rodzinnej posiadaj\u0105cy uprawnienia do przeprowadzania bada\u0144 profilaktycznych<\/p>\n\n\n\n<figure class=\"wp-block-table\"><table><tbody><tr><td class=\"has-text-align-center\" data-align=\"center\">Wtorek<\/td><td class=\"has-text-align-center\" data-align=\"center\">12:00 \u2013 13:00<\/td><\/tr><tr><td class=\"has-text-align-center\" data-align=\"center\">Pi\u0105tek<\/td><td class=\"has-text-align-center\" data-align=\"center\">12:00 \u2013 13:00<\/td><\/tr><\/tbody><\/table><\/figure>\n\n\n\n<p class=\"has-text-align-center font-size:x-large has-black-color has-cyan-bluish-gray-background-color has-text-color has-background has-medium-font-size\"><strong><strong>Diagnostyka Medyczna<\/strong><\/strong><\/p>\n\n\n\n<p class=\"has-text-align-center has-black-color has-text-color has-background\" style=\"background-color:#e6e6e6\"><strong>Laboratorium ALAB<\/strong><br>Budynek B<\/p>\n\n\n\n<p>Pobieranie materia\u0142u do bada\u0144 w dni robocze od poniedzia\u0142ku do pi\u0105tku 7:15 \u2013 14:30<\/p>\n\n\n\n<p>\u015awiadcze\u0144 udzielaj\u0105:<br><strong><em>Barbara Ha\u0144ce <\/em><\/strong>\u2013 technik analityki<br><strong><em>Ewa Jacukowicz <\/em><\/strong>\u2013 technik analityki<\/p>\n\n\n\n<p><\/p>\n\n\n\n<p><\/p>\n\n\n\n<p class=\"has-text-align-center has-black-color has-text-color has-background\" style=\"background-color:#e6e6e6\"><strong>RTG<\/strong><br>Budynek B<\/p>\n\n\n\n<p>Zdj\u0119cia wykonywane s\u0105 w dni robocze od poniedzia\u0142ku do pi\u0105tku<\/p>\n\n\n\n<p><strong>UWAGA<\/strong> Wymagane jest skierowanie od lekarza ubezpieczenia zdrowotnego.<\/p>\n\n\n\n<p>\u015awiadcze\u0144 udzielaj\u0105:<br><strong><em>Przemys\u0142aw Grygielski<\/em> <\/strong>\u2013 lekarz \u2013 radiologia i diagnostyka obrazowa<br><strong><em>Zofia Szewczyk <\/em><\/strong>\u2013 technik elektroradiologii<\/p>\n\n\n\n<p class=\"has-text-align-center has-black-color has-text-color has-background\" style=\"background-color:#e6e6e6\"><strong>USG<\/strong><br>Budynek A<\/p>\n\n\n\n<p><strong>UWAGA <\/strong>Nale\u017cy wcze\u015bniej ustali\u0107 termin badania.<\/p>\n\n\n\n<p><\/p>\n\n\n\n<p><\/p>\n\n\n\n<p>Badania wykonuj\u0105 lekarze:&nbsp;<br><strong><em>Ewa Worbs <\/em><\/strong>\u2013 I stopie\u0144 specjalizacji z zakresu&nbsp; radiodiagnostyki<br><strong>Arkadiusz Formejster <\/strong>\u2013 I stopie\u0144 specjalizacji z zakresu&nbsp; chirurgii \u2013 kwalifikacje do samodzielnego wykonywania bada\u0144 ultrasonograficznych<br><strong>dr n.m. Witold Gajewicz \u2013 <\/strong>specjalista w zakresie radiodiagnostyki \u2013 tylko USG Doppler Duplex 1 x w miesi\u0105cu<\/p>\n\n\n\n<p class=\"has-text-align-center has-black-color has-text-color has-background\" style=\"background-color:#e6e6e6\"><strong>EKG<\/strong><br>Budynek A<\/p>\n\n\n\n<p>\u015awiadcze\u0144 udziela piel\u0119gniarka:<br><strong><em>Dorota Bienias<\/em> <\/strong>\u2013 licencjat piel\u0119gniarstwa<br><strong><em>Jolanta Bartczak <\/em><\/strong>\u2013<br><strong><em>Gra\u017cyna Kanarek<\/em><\/strong> \u2013<\/p>\n\n\n\n<p>Badania pilne wykonywane s\u0105 w godzinach pracy poradni poz.<\/p>\n\n\n\n<p class=\"has-text-align-center font-size:x-large has-black-color has-cyan-bluish-gray-background-color has-text-color has-background has-medium-font-size\"><strong><strong>Profilaktyka i Promocja Zdrowia<\/strong><\/strong><\/p>\n\n\n\n<p class=\"has-text-align-center has-black-color has-text-color has-background\" style=\"background-color:#e6e6e6\"><strong><u>Program profilaktyki chor\u00f3b uk\u0142adu kr\u0105\u017cenia<\/u><\/strong><\/p>\n\n\n\n<p>Program finansowany przez NFZ<\/p>\n\n\n\n<p><strong>Warunki udzia\u0142u w programie:<\/strong><\/p>\n\n\n\n<ol class=\"wp-block-list\">\n<li>Wiek 35, 40, 45, 50 i 55 lat w danym roku kalendarzowym.<\/li>\n\n\n\n<li>Brak rozpoznania choroby uk\u0142adu kr\u0105\u017cenia.<\/li>\n\n\n\n<li>Nieuczestniczenie w programie w ci\u0105gu ostatnich 5 lat r\u00f3wnie\u017c u innego \u015bwiadczeniodawcy.<\/li>\n<\/ol>\n\n\n\n<p><strong>Program&nbsp; obejmuje:<\/strong><\/p>\n\n\n\n<ol class=\"wp-block-list\" type=\"1\">\n<li>Przeprowadzenie wywiadu i wype\u0142nienie karty badania profilaktycznego.<\/li>\n\n\n\n<li>Wykonanie bada\u0144 frakcji cholesterolu, trigliceryd\u00f3w i poziomu glukozy, pomiar ci\u015bnienia t\u0119tniczego krwi oraz okre\u015blenie wsp\u00f3\u0142czynnika masy cia\u0142a (BMI).<\/li>\n\n\n\n<li>Wizyt\u0119 u lekarza podstawowej opieki zdrowotnej (badanie, kwalifikacja do odpowiedniej grupy ryzyka, edukacja oraz decyzja co do dalszego post\u0119powania).<\/li>\n<\/ol>\n\n\n\n<p class=\"has-text-align-center has-black-color has-text-color has-background\" style=\"background-color:#e6e6e6\"><strong>Program profilaktyki gru\u017alicy<\/strong><\/p>\n\n\n\n<p>Program finansowany przez NFZ<\/p>\n\n\n\n<p><strong>Warunki udzia\u0142u w programie:<\/strong><\/p>\n\n\n\n<ol class=\"wp-block-list\">\n<li>Osoby doros\u0142e, zadeklarowane do piel\u0119gniarki poz i nieposiadaj\u0105ce dotychczas rozpoznanej gru\u017alicy.<\/li>\n\n\n\n<li>Pisemne o\u015bwiadczenie, z kt\u00f3rego wynika, \u017ce w ci\u0105gu ostatnich 24 miesi\u0119cy nie by\u0142o przeprowadzone badanie ankietowe w ramach profilaktyki gru\u017alicy (tak\u017ce u innych \u015bwiadczeniodawc\u00f3w).<\/li>\n<\/ol>\n\n\n\n<p><strong>Program obejmuje:<\/strong><\/p>\n\n\n\n<ol class=\"wp-block-list\" type=\"1\">\n<li>Wywiad w kierunku gru\u017alicy wraz z wype\u0142nieniem ANKIETY.<\/li>\n\n\n\n<li>Przeprowadzenie edukacji zdrowotnej.<\/li>\n\n\n\n<li>W przypadku os\u00f3b z grupy najwy\u017cszego ryzyka zachorowania przekazanie lekarzowi poz pisemnej informacji o wynikach przeprowadzonej ankiety oraz wskazanie pacjentowi trybu dalszego post\u0119powania.<\/li>\n<\/ol>\n\n\n\n<p class=\"has-text-align-center has-black-color has-text-color has-background\" style=\"background-color:#e6e6e6\"><strong>Program profilaktyki raka szyjki macicy<\/strong><\/p>\n\n\n\n<p>Program finansowany przez NFZ<\/p>\n\n\n\n<p><strong>Warunki udzia\u0142u w programie:<\/strong><\/p>\n\n\n\n<ol class=\"wp-block-list\">\n<li>Kobiety w wieku 25-59 lat.<\/li>\n\n\n\n<li>Nieuczestniczenie w programie w ci\u0105gu ostatnich 3 lat.<\/li>\n<\/ol>\n\n\n\n<p><strong>Program obejmuje:<\/strong><\/p>\n\n\n\n<ol class=\"wp-block-list\" type=\"1\">\n<li>Wywiad wraz z wype\u0142nieniem ANKIETY.<\/li>\n\n\n\n<li>Pobranie materia\u0142u do badania cytologicznego.<\/li>\n\n\n\n<li>Przeprowadzenie edukacji w zakresie prewencji nowotworu z\u0142o\u015bliwego.<\/li>\n\n\n\n<li>Zalecenie post\u0119powania w przypadku prawid\u0142owego wyniku.<\/li>\n\n\n\n<li>W przypadku nieprawid\u0142owego wyniku obj\u0119cie pacjentki leczeniem lub skierowanie&nbsp; do odpowiedniej plac\u00f3wki specjalistycznej.<\/li>\n<\/ol>\n\n\n\n<p><\/p>\n","protected":false},"excerpt":{"rendered":"<p>Aby korzysta\u0107 z us\u0142ug podstawowej opieki zdrowotnej w ramach ubezpieczenia wystarczy z\u0142o\u017cy\u0107 deklaracj\u0119 wyboru. Do poradni specjalistycznych wymagane jest skierowanie od lekarza ubezpieczenia zdrowotnego, z wyj\u0105tkiem poradni ginekologiczno-po\u0142o\u017cniczej i stomatologicznej. Ze wzgl\u0119du na zagro\u017cenie epidemiczne, rejestracji nale\u017cy dokona\u0107 telefonicznie. Rejestracja pacjent\u00f3w tel. 42-211-10-667:00 &#8211; 18:00(Budynek A) \u015awiadczenia mog\u0105 by\u0107 realizowane w formie teleporady. W celu&hellip; <br \/> <a class=\"read-more\" href=\"https:\/\/spzoz.konstantynow.pl\/?page_id=16\">Dowiedz si\u0119 wi\u0119cej<\/a><\/p>\n","protected":false},"author":1,"featured_media":0,"parent":0,"menu_order":0,"comment_status":"closed","ping_status":"closed","template":"","meta":{"footnotes":""},"class_list":["post-16","page","type-page","status-publish","hentry"],"_links":{"self":[{"href":"https:\/\/spzoz.konstantynow.pl\/index.php?rest_route=\/wp\/v2\/pages\/16","targetHints":{"allow":["GET"]}}],"collection":[{"href":"https:\/\/spzoz.konstantynow.pl\/index.php?rest_route=\/wp\/v2\/pages"}],"about":[{"href":"https:\/\/spzoz.konstantynow.pl\/index.php?rest_route=\/wp\/v2\/types\/page"}],"author":[{"embeddable":true,"href":"https:\/\/spzoz.konstantynow.pl\/index.php?rest_route=\/wp\/v2\/users\/1"}],"replies":[{"embeddable":true,"href":"https:\/\/spzoz.konstantynow.pl\/index.php?rest_route=%2Fwp%2Fv2%2Fcomments&post=16"}],"version-history":[{"count":2,"href":"https:\/\/spzoz.konstantynow.pl\/index.php?rest_route=\/wp\/v2\/pages\/16\/revisions"}],"predecessor-version":[{"id":43,"href":"https:\/\/spzoz.konstantynow.pl\/index.php?rest_route=\/wp\/v2\/pages\/16\/revisions\/43"}],"wp:attachment":[{"href":"https:\/\/spzoz.konstantynow.pl\/index.php?rest_route=%2Fwp%2Fv2%2Fmedia&parent=16"}],"curies":[{"name":"wp","href":"https:\/\/api.w.org\/{rel}","templated":true}]}}